{"id":1545,"date":"2015-08-16T19:17:31","date_gmt":"2015-08-16T18:17:31","guid":{"rendered":"http:\/\/museemab.com\/en\/?page_id=1545"},"modified":"2017-11-02T17:03:49","modified_gmt":"2017-11-02T16:03:49","slug":"affiliations","status":"publish","type":"page","link":"https:\/\/museemab.com\/en\/affiliations\/","title":{"rendered":"Affiliations"},"content":{"rendered":"<div class=\"wpb-content-wrapper\"><p>[vc_row][vc_column tablet_width=&#8221;1&#8243;]<div class=\"grve-element grve-slogan grve-align-center\" style=\"\"><h3 class=\"grve-slogan-title grve-align-center grve-title-no-line\">Affiliations<\/h3>  <p>The Musee Canadien de l\u2019arme et du Bronze is a member of the Canadian Museums Association, the Soci\u00e9t\u00e9 des Mus\u00e9es Qu\u00e9b\u00e9cois, the Organization of Canadian Military Museums, Lower Canada Arms Collectors Association and the International Committee of Museums and Collections of Firearms and Military History.<\/p><\/div>  <hr class=\"grve-element grve-line-divider grve-fullwidth-element \" style=\"padding-top: 40px;padding-bottom: 40px;\">[\/vc_column][\/vc_row][vc_row][vc_column][vc_column_text]<\/p>\n<h5 style=\"text-align: center;\"><img loading=\"lazy\" decoding=\"async\" class=\"aligncenter size-full wp-image-2794\" src=\"http:\/\/museemab.com\/wp-content\/uploads\/2017\/11\/Ville-de-Granby.jpg\" alt=\"\" width=\"240\" height=\"87\" \/>CITY OF GRANBY<\/h5>\n<p style=\"text-align: center;\">The City of Granby, &#8220;Service for the Coordination of Leisure, Arts, Culture and Community Life&#8221;, recognizes the importance of non-profit organizations involved in the world of culture and having economic and social benefits for its community.<\/p>\n<p style=\"color: #0e0e0e; text-align: center;\"><a href=\"http:\/\/www.ville.granby.qc.ca\/\">City of Granby<\/a><\/p>\n<p>[\/vc_column_text][\/vc_column][\/vc_row][vc_row][vc_column]  <hr class=\"grve-element grve-line-divider grve-fullwidth-element \" style=\"padding-top: 40px;padding-bottom: 40px;\">[\/vc_column][\/vc_row][vc_row][vc_column width=&#8221;1\/3&#8243;][vc_column_text]<\/p>\n<p style=\"color: #0e0e0e; text-align: center;\"><span style=\"font-weight: 600; color: #514d43;\"><img loading=\"lazy\" decoding=\"async\" class=\"alignnone size-full wp-image-901\" src=\"http:\/\/museemab.com\/wp-content\/uploads\/2014\/03\/AMC.jpg\" alt=\"Association des mus\u00e9es Canadiens\" width=\"94\" height=\"115\" \/><\/span><\/p>\n<h5 style=\"text-align: center;\">Canadians Museums Associations (CMA)<\/h5>\n<p style=\"color: #0e0e0e; text-align: center;\"><a href=\"http:\/\/www.museums.ca\/?lang=10\" target=\"_blank\" rel=\"noopener noreferrer\">The Canadian Museums Association<\/a> is the national organization dedicated to the advancement of the Canada museums. The CMA represents the professionals in the museum sectors and overseas the Museums Canada.<\/p>\n<p style=\"color: #0e0e0e; text-align: center;\"><a style=\"font-weight: inherit; font-style: inherit; color: #fa6627;\" href=\"http:\/\/www.museums.ca\/\" target=\"_blank\" rel=\"noopener noreferrer\">Canadian Museums Association (CMA)<\/a><\/p>\n<p>[\/vc_column_text][\/vc_column][vc_column width=&#8221;1\/3&#8243;][vc_column_text]<a href=\"http:\/\/museemab.com\/wp-content\/uploads\/2014\/03\/ommci.jpg\"><img loading=\"lazy\" decoding=\"async\" class=\"wp-image-900 size-full aligncenter\" src=\"http:\/\/museemab.com\/wp-content\/uploads\/2014\/03\/ommci.jpg\" alt=\"L'ORGANISATION DES MUS\u00c9ES MILITAIRES DU CANADA INC.\" width=\"94\" height=\"115\" \/><\/a><\/p>\n<h5 style=\"text-align: center;\">Organization of Military Museums of Canada Inc.<\/h5>\n<p style=\"text-align: center;\"><span style=\"color: #0e0e0e;\">The Organization of Military Museums of Canada Inc. (OMMC) is a group of organizations and individuals who are committed to the preservation of military heritage and organization of military museums of Canada.<\/span><\/p>\n<p style=\"text-align: center;\"><a style=\"font-weight: inherit; font-style: inherit; color: #fa6627;\" href=\"http:\/\/www.ommc.ca\/\" target=\"_blank\" rel=\"noopener noreferrer\">Organization of Military Museums of Canada Inc. (OMMC)<\/a><\/p>\n<p>[\/vc_column_text][\/vc_column][vc_column width=&#8221;1\/3&#8243;][vc_column_text]<\/p>\n<p style=\"text-align: center;\"><img loading=\"lazy\" decoding=\"async\" class=\"alignnone wp-image-899 size-full\" src=\"http:\/\/museemab.com\/wp-content\/uploads\/2014\/03\/smq.jpg\" alt=\"La Soci\u00e9t\u00e9 des mus\u00e9es qu\u00e9b\u00e9cois (SMQ)\" width=\"94\" height=\"115\" \/><\/p>\n<h5 style=\"text-align: center;\">SOCI\u00c9T\u00c9 DES MUS\u00c9ES QU\u00c9B\u00c9COIS<\/h5>\n<p style=\"text-align: center;\"><span style=\"color: #0e0e0e;\">The Soci\u00e9t\u00e9 des Mus\u00e9es Qu\u00e9b\u00e9cois (SMQ) brings together and represents museums (museums, exhibition centres and interpretation sites) as well as professionals of musicology of Quebec.<\/span><\/p>\n<p style=\"text-align: center;\"><a style=\"font-weight: inherit; font-style: inherit; color: #fa6627;\" href=\"http:\/\/www.musees.qc.ca\/mad\/\" target=\"_blank\" rel=\"noopener noreferrer\">Soci\u00e9t\u00e9 des Mus\u00e9es Qu\u00e9b\u00e9cois (SMQ)<\/a><\/p>\n<p>[\/vc_column_text][\/vc_column][\/vc_row][vc_row][vc_column]  <hr class=\"grve-element grve-line-divider grve-fullwidth-element \" style=\"padding-top: 40px;padding-bottom: 40px;\">[\/vc_column][\/vc_row][vc_row][vc_column width=&#8221;1\/2&#8243;][vc_column_text]<\/p>\n<p style=\"color: #0e0e0e; text-align: center;\"><a href=\"http:\/\/museemab.com\/wp-content\/uploads\/2014\/03\/icomam.jpg\"><img loading=\"lazy\" decoding=\"async\" class=\"alignnone size-full wp-image-897\" src=\"http:\/\/museemab.com\/wp-content\/uploads\/2014\/03\/icomam.jpg\" alt=\"l'ICOMAM\" width=\"94\" height=\"115\" \/><\/a><\/p>\n<h5 style=\"text-align: center;\">International Committee of Museums of Arms and Military History<\/h5>\n<p style=\"color: #0e0e0e; text-align: center;\">The International Committee of Museums and Collections of Arms and Military (ICOMAM) aims: encourage the study of weapons, armory, artillery, fortifications, uniforms and flags, and develop contacts between museums and institutions that deal with the conservation of such objects. ICOMAM is the only international organization that studied thoroughly this subject from a musicological perspective.<\/p>\n<p style=\"color: #0e0e0e; text-align: center;\"><a style=\"font-weight: inherit; font-style: inherit; color: #fa6627;\" href=\"http:\/\/icomam.icom.museum\/\" target=\"_blank\" rel=\"noopener noreferrer\">International Committee for Museums of Arms and Military History (ICOMAM)<\/a><\/p>\n<p>[\/vc_column_text][\/vc_column][vc_column width=&#8221;1\/2&#8243;][vc_column_text]<img loading=\"lazy\" decoding=\"async\" class=\"size-full wp-image-898 aligncenter\" src=\"http:\/\/museemab.com\/wp-content\/uploads\/2014\/03\/lca.jpg\" alt=\"l\u2019Association des Collectionneurs d\u2019Armes du Bas-Canada\" width=\"94\" height=\"115\" \/><\/p>\n<h5 style=\"text-align: center;\">Lower Canada Arms Collectors Association<\/h5>\n<p style=\"color: #0e0e0e; text-align: center;\">The Lower Canada Arms Collectors Association, a non-profit organization formed in 1960 by a small group of passionate collectors, is proud to be one of the oldest of its kind in the Eastern Canada. This is, needless to say, the oldest association of Quebec arms collectors.<\/p>\n<p style=\"color: #0e0e0e; text-align: center;\"><a style=\"font-weight: inherit; font-style: inherit; color: #fa6627;\" href=\"http:\/\/www.musees.qc.ca\/mad\/\" target=\"_blank\" rel=\"noopener noreferrer\">Lower Canada Arms Collectors Association<\/a><\/p>\n<p>[\/vc_column_text][\/vc_column][\/vc_row]<\/p>\n<\/div>","protected":false},"excerpt":{"rendered":"<p>[vc_row][vc_column tablet_width=&#8221;1&#8243;][\/vc_column][\/vc_row][vc_row][vc_column][vc_column_text] CITY OF GRANBY The City of Granby, &#8220;Service for the Coordination of Leisure, Arts, Culture and Community Life&#8221;, recognizes the importance of non-profit organizations involved in the world of culture and having economic and social benefits for its community. City of Granby [\/vc_column_text][\/vc_column][\/vc_row][vc_row][vc_column][\/vc_column][\/vc_row][vc_row][vc_column width=&#8221;1\/3&#8243;][vc_column_text] Canadians Museums Associations (CMA) The Canadian Museums Association is<a class=\"grve-read-more\" href=\"https:\/\/museemab.com\/en\/affiliations\/\">read more<\/a><\/p>\n","protected":false},"author":1,"featured_media":0,"parent":0,"menu_order":0,"comment_status":"open","ping_status":"open","template":"","meta":{"om_disable_all_campaigns":false,"_uf_show_specific_survey":0,"_uf_disable_surveys":false,"footnotes":""},"class_list":["post-1545","page","type-page","status-publish","hentry"],"aioseo_notices":[],"_links":{"self":[{"href":"https:\/\/museemab.com\/en\/wp-json\/wp\/v2\/pages\/1545","targetHints":{"allow":["GET"]}}],"collection":[{"href":"https:\/\/museemab.com\/en\/wp-json\/wp\/v2\/pages"}],"about":[{"href":"https:\/\/museemab.com\/en\/wp-json\/wp\/v2\/types\/page"}],"author":[{"embeddable":true,"href":"https:\/\/museemab.com\/en\/wp-json\/wp\/v2\/users\/1"}],"replies":[{"embeddable":true,"href":"https:\/\/museemab.com\/en\/wp-json\/wp\/v2\/comments?post=1545"}],"version-history":[{"count":4,"href":"https:\/\/museemab.com\/en\/wp-json\/wp\/v2\/pages\/1545\/revisions"}],"predecessor-version":[{"id":2798,"href":"https:\/\/museemab.com\/en\/wp-json\/wp\/v2\/pages\/1545\/revisions\/2798"}],"wp:attachment":[{"href":"https:\/\/museemab.com\/en\/wp-json\/wp\/v2\/media?parent=1545"}],"curies":[{"name":"wp","href":"https:\/\/api.w.org\/{rel}","templated":true}]}}