{"id":1547,"date":"2015-08-18T23:26:09","date_gmt":"2015-08-18T22:26:09","guid":{"rendered":"http:\/\/museemab.com\/en\/?page_id=1547"},"modified":"2021-05-18T08:23:18","modified_gmt":"2021-05-18T13:23:18","slug":"directors","status":"publish","type":"page","link":"https:\/\/museemab.com\/en\/directors\/","title":{"rendered":"Directors"},"content":{"rendered":"<div class=\"wpb-content-wrapper\"><p>[vc_row][vc_column width=&#8221;1\/1&#8243;]<h3 class=\"grve-element grve-align-center grve-title-line grve-light-text\" style=\"\">Pierre Gravel<\/h3>[vc_column_text animation_delay=&#8221;200&#8243;]<\/p>\n<p style=\"color: #0e0e0e;\"><img loading=\"lazy\" decoding=\"async\" class=\"alignleft wp-image-883 size-full\" title=\"Pierre Gravel\" src=\"http:\/\/museemab.com\/wp-content\/uploads\/2014\/03\/PierreGravel.jpg\" alt=\"Pierre Gravel\" width=\"115\" height=\"155\" \/>Head of his own artistic agency in Granby for nearly 60 years, Impresario Pierre Gravel, has developed many interests. Not only is he behind the names of some of the biggest stars in show business but he also has a great interest in bronze sculptures by Quebec, Canadian and European artists, as well for Native American art, for which he has a special affection. Stamps and rare coins are also among his preferred affections and are highlighted throughout the Museum.<\/p>\n<p style=\"color: #0e0e0e;\">Along with his activities as an Impresario, Pierre Gravel also worked as a gunsmith for 20 years and still works as an authorized inspector for the Canadian Firearms Registry, as does Carole Potvin and Brigitte Gravel, co-founders of the Museum. His extensive knowledge in this field play a key role in the various themes developed in the Museum.<\/p>\n<p style=\"color: #0e0e0e;\">In short, the Mus\u00e9e Canadien de l\u2019Arme et du Bronze is a realization of a dream for Pierre Gravel and his wife Carole Potvin, who through the collections will show the general public the history of the Americas and of the wars which have been fought in them.<\/p>\n<p>[\/vc_column_text][\/vc_column][\/vc_row][vc_row bg_color=&#8221;#ffffff&#8221; opacity_overlay=&#8221;10&#8243; padding_top=&#8221;60&#8243;][vc_column width=&#8221;1\/3&#8243;]<h3 class=\"grve-element grve-align-left grve-title-line grve-light-text\" style=\"\">Carole Potvin<\/h3>[vc_column_text animation_delay=&#8221;200&#8243;]<\/p>\n<p style=\"color: #0e0e0e;\"><span style=\"color: #0e0e0e;\"><img loading=\"lazy\" decoding=\"async\" class=\"alignleft wp-image-881 size-full\" src=\"http:\/\/museemab.com\/wp-content\/uploads\/2014\/03\/Carole80_2.gif\" alt=\"Carole80_2\" width=\"121\" height=\"161\" \/>Formerly an Impr\u00e9sario for the artistic agency Pierre Gravel International, Carole Potvin worked primarily with agents and event organizers in the Canadian and European markets. Her pronounced interest in the arts and the experiences acquired during her numerous travels made her a natural choice to become Director of Operations for The Mus\u00e9e Canadien de l\u2019Arme et du Bronze. She among other things developed the different themes that are the basis of the Museum.<\/span><\/p>\n<p>[\/vc_column_text][\/vc_column][vc_column width=&#8221;1\/3&#8243;]<h3 class=\"grve-element grve-align-left grve-title-line grve-light-text\" style=\"\">Yves Leblond<\/h3>[vc_column_text animation_delay=&#8221;200&#8243;]<\/p>\n<p style=\"color: #0e0e0e;\"><span style=\"color: #0e0e0e;\"><img loading=\"lazy\" decoding=\"async\" class=\"alignleft size-full wp-image-884\" src=\"http:\/\/museemab.com\/wp-content\/uploads\/2014\/03\/YLeblond.jpg\" alt=\"YLeblond\" width=\"114\" height=\"154\" \/>Yves Leblond has worked as a police officer and as a firearms clerk for the S\u00fbret\u00e9 du Qu\u00e9bec for more than thirty years. His professional training included a specialization in firearms for which he has a special interest. He now works in the identification of weapons and the administration of the Mus\u00e9e Canadien de l\u2019Arme et du Bronze. Mr. Leblond is also an authorized inspector for the Canadian Firearms Registry.<br \/>\n<\/span><\/p>\n<p>[\/vc_column_text][\/vc_column][vc_column width=&#8221;1\/3&#8243;]<h3 class=\"grve-element grve-align-left grve-title-line grve-light-text\" style=\"\">Michel Litalien<\/h3>[vc_column_text animation_delay=&#8221;200&#8243;]<\/p>\n<p style=\"color: #0e0e0e;\"><span style=\"color: #0e0e0e;\"><img loading=\"lazy\" decoding=\"async\" class=\"alignleft size-full wp-image-882\" src=\"http:\/\/museemab.com\/wp-content\/uploads\/2014\/03\/Litalien.jpg\" alt=\"Litalien\" width=\"115\" height=\"156\" \/>Member of the Canadian Forces since 1982, Michel Litalien is passionate about military history. He presently works as the Director of History and Heritage at the Ministry of National Defence. He will soon complete his master&#8217;s degree in history at the University of Ottawa.<\/span><\/p>\n<p style=\"color: #0e0e0e;\"><span style=\"color: #0e0e0e;\">At the Mus\u00e9e Canadien de l\u2019Arme et du Bronze, Michel Litalien is responsible for the management and the thematic presentation of the military collection. He wants visitors to discover the captivating but little-known history of the regiments and the heroes of Quebec and of the Eastern Townships, in times of war and in times of peace, here at home and overseas.<\/span><\/p>\n<p>[\/vc_column_text][\/vc_column][\/vc_row][vc_row bg_color=&#8221;#ffffff&#8221; opacity_overlay=&#8221;10&#8243; padding_top=&#8221;60&#8243;][vc_column width=&#8221;1\/3&#8243;]<h3 class=\"grve-element grve-align-left grve-title-line grve-light-text\" style=\"\">Jean Valiquette<\/h3>[vc_column_text animation_delay=&#8221;200&#8243;]<\/p>\n<p>[\/vc_column_text][\/vc_column][vc_column width=&#8221;1\/3&#8243;]<h3 class=\"grve-element grve-align-left grve-title-line grve-light-text\" style=\"\">Marie-Pierre Gravel<\/h3>[vc_column_text animation_delay=&#8221;200&#8243;]<\/p>\n<p style=\"color: #0e0e0e;\"><span style=\"color: #0e0e0e;\">\u00a0<\/span><\/p>\n<p>[\/vc_column_text][\/vc_column][vc_column width=&#8221;1\/3&#8243;]<h3 class=\"grve-element grve-align-left grve-title-line grve-light-text\" style=\"\">Claude Duhamel<\/h3>[vc_column_text animation_delay=&#8221;200&#8243;][\/vc_column_text][\/vc_column][\/vc_row][vc_row bg_color=&#8221;#ffffff&#8221; opacity_overlay=&#8221;10&#8243; padding_top=&#8221;60&#8243;][vc_column width=&#8221;1\/3&#8243;]<h3 class=\"grve-element grve-align-left grve-title-line grve-light-text\" style=\"\">Christian Barsalou<\/h3>[vc_column_text animation_delay=&#8221;200&#8243;]<\/p>\n<p>[\/vc_column_text][\/vc_column][vc_column width=&#8221;1\/3&#8243;]<h3 class=\"grve-element grve-align-left grve-title-line grve-light-text\" style=\"\">Hugo St-Onge<\/h3>[vc_column_text animation_delay=&#8221;200&#8243;]<\/p>\n<p style=\"color: #0e0e0e;\"><span style=\"color: #0e0e0e;\">\u00a0<\/span><\/p>\n<p>[\/vc_column_text][\/vc_column][vc_column width=&#8221;1\/3&#8243;]<h3 class=\"grve-element grve-align-left grve-title-line grve-light-text\" style=\"\">Luc Laitres<\/h3>[vc_column_text animation_delay=&#8221;200&#8243;][\/vc_column_text][\/vc_column][\/vc_row][vc_row bg_color=&#8221;#ffffff&#8221; opacity_overlay=&#8221;10&#8243; padding_top=&#8221;60&#8243;][vc_column width=&#8221;1\/3&#8243;]<h3 class=\"grve-element grve-align-left grve-title-line grve-light-text\" style=\"\">Alain D\u00e9p\u00f4t<\/h3>[vc_column_text animation_delay=&#8221;200&#8243;]<\/p>\n<p>[\/vc_column_text][\/vc_column][vc_column width=&#8221;1\/3&#8243;]<h3 class=\"grve-element grve-align-left grve-title-line grve-light-text\" style=\"\">Yves Lesieur<\/h3>[vc_column_text animation_delay=&#8221;200&#8243;]<\/p>\n<p style=\"color: #0e0e0e;\"><span style=\"color: #0e0e0e;\">\u00a0<\/span><\/p>\n<p>[\/vc_column_text][\/vc_column][vc_column width=&#8221;1\/3&#8243;]<h3 class=\"grve-element grve-align-left grve-title-line grve-light-text\" style=\"\">Christian Gel\u00e9<\/h3>[vc_column_text animation_delay=&#8221;200&#8243;][\/vc_column_text][\/vc_column][\/vc_row][vc_row bg_color=&#8221;#ffffff&#8221; opacity_overlay=&#8221;10&#8243; padding_top=&#8221;60&#8243;][vc_column width=&#8221;1\/3&#8243;]<h3 class=\"grve-element grve-align-left grve-title-line grve-light-text\" style=\"\">Louis Carbonneau<\/h3>[vc_column_text animation_delay=&#8221;200&#8243;]<\/p>\n<p>[\/vc_column_text][\/vc_column][vc_column width=&#8221;1\/3&#8243;]<h3 class=\"grve-element grve-align-left grve-title-line grve-light-text\" style=\"\">Simon Foisy<\/h3>[vc_column_text animation_delay=&#8221;200&#8243;]<\/p>\n<p style=\"color: #0e0e0e;\"><span style=\"color: #0e0e0e;\">\u00a0<\/span><\/p>\n<p>[\/vc_column_text][\/vc_column][vc_column width=&#8221;1\/3&#8243;]<h3 class=\"grve-element grve-align-left grve-title-line grve-light-text\" style=\"\">Daniel Lefebvre<\/h3>[vc_column_text animation_delay=&#8221;200&#8243;][\/vc_column_text][\/vc_column][\/vc_row][vc_row opacity_overlay=&#8221;10&#8243; bg_color=&#8221;#eeeeee&#8221; padding_top=&#8221;60&#8243; padding_bottom=&#8221;30&#8243; margin_bottom=&#8221;0&#8243;][vc_column width=&#8221;1\/1&#8243;]<h2 class=\"grve-element grve-align-center grve-title-line\" style=\"\">Collections<\/h2>[vc_column_text animation_delay=&#8221;200&#8243;]<\/p>\n<p style=\"text-align: center;\">The Canadian Museum of Weapons and Bronze has chosen to focus on the acquisition of its four key areas: firearms, bronze sculptures, coins and stamps.<\/p>\n<p>[\/vc_column_text][\/vc_column][\/vc_row][vc_row font_color=&#8221;#ffffff&#8221; opacity_overlay=&#8221;40&#8243; color_overlay=&#8221;black&#8221; footer_feature=&#8221;yes&#8221;][vc_column width=&#8221;1\/1&#8243;]<div class=\"grve-element grve-partner-advanced \" style=\"margin-bottom:0px;\">  <ul>    <li>      <div class=\"grve-partner-color\"><\/div><img decoding=\"async\" class=\"grve-partner-logo\" src=\"https:\/\/museemab.com\/wp-content\/uploads\/2015\/08\/weapons.png\" alt=\"\">      <div class=\"grve-partner-content\">        <p>The collection of civilian and military firearms of the Museum occupies a prominent place.<\/p><a class=\"grve-btn grve-btn-large grve-primary\" href=\"http:\/\/museemab.com\/en\/the-firearms\/\"  target=\"_self\" style=\"\"><span>Plus de d\u00e9tails<\/span><\/a>      <\/div>    <\/li>  <\/ul><\/div><div class=\"grve-element grve-partner-advanced \" style=\"margin-bottom:0px;\">  <ul>    <li>      <div class=\"grve-partner-color\"><\/div><img decoding=\"async\" class=\"grve-partner-logo\" src=\"https:\/\/museemab.com\/wp-content\/uploads\/2015\/08\/bronze.png\" alt=\"\">      <div class=\"grve-partner-content\">        <p>Obtained by the alloy of copper and tin, bronze is the first metal that men learned to artistically shape in antiquity.<\/p><a class=\"grve-btn grve-btn-large grve-primary\" href=\"http:\/\/museemab.com\/en\/the-bronze\/\"  target=\"_self\" style=\"\"><span>Plus de d\u00e9tails<\/span><\/a>      <\/div>    <\/li>  <\/ul><\/div><div class=\"grve-element grve-partner-advanced \" style=\"margin-bottom:0px;\">  <ul>    <li>      <div class=\"grve-partner-color\"><\/div><img decoding=\"async\" class=\"grve-partner-logo\" src=\"https:\/\/museemab.com\/wp-content\/uploads\/2015\/08\/coins.png\" alt=\"\">      <div class=\"grve-partner-content\">        <p>To illustrate the history and the cultural diversity of the Canada, the collection consisting of pieces mostly from the Canadian Mint, the Mus\u00e9e Canadien de l\u2019Arme et du Bronze is packed with true works of art.<\/p><a class=\"grve-btn grve-btn-large grve-primary\" href=\"http:\/\/museemab.com\/en\/the-coins\/\"  target=\"_self\" style=\"\"><span>Plus de d\u00e9tails<\/span><\/a>      <\/div>    <\/li>  <\/ul><\/div><div class=\"grve-element grve-partner-advanced \" style=\"margin-bottom:0px;\">  <ul>    <li>      <div class=\"grve-partner-color\"><\/div><img decoding=\"async\" class=\"grve-partner-logo\" src=\"https:\/\/museemab.com\/wp-content\/uploads\/2015\/08\/Stamps.png\" alt=\"\">      <div class=\"grve-partner-content\">        <p>The last major block of collections in the Mus\u00e9e Canadien de l\u2019Arme et du Bronze, the numismatic pieces are closely related to the collection of coins and by this, the illustration of Canadian history and its cultural diversity.<\/p><a class=\"grve-btn grve-btn-large grve-primary\" href=\"http:\/\/museemab.com\/les-timbres\/\"  target=\"_self\" style=\"\"><span>Plus de d\u00e9tails<\/span><\/a>      <\/div>    <\/li>  <\/ul><\/div>[\/vc_column][\/vc_row]<\/p>\n<\/div>","protected":false},"excerpt":{"rendered":"<p>[vc_row][vc_column width=&#8221;1\/1&#8243;][vc_column_text animation_delay=&#8221;200&#8243;] Head of his own artistic agency in Granby for nearly 60 years, Impresario Pierre Gravel, has developed many interests. Not only is he behind the names of some of the biggest stars in show business but he also has a great interest in bronze sculptures by Quebec, Canadian and European artists, as<a class=\"grve-read-more\" href=\"https:\/\/museemab.com\/en\/directors\/\">read more<\/a><\/p>\n","protected":false},"author":1,"featured_media":0,"parent":0,"menu_order":0,"comment_status":"open","ping_status":"open","template":"","meta":{"om_disable_all_campaigns":false,"_uf_show_specific_survey":0,"_uf_disable_surveys":false,"footnotes":""},"class_list":["post-1547","page","type-page","status-publish","hentry"],"aioseo_notices":[],"_links":{"self":[{"href":"https:\/\/museemab.com\/en\/wp-json\/wp\/v2\/pages\/1547","targetHints":{"allow":["GET"]}}],"collection":[{"href":"https:\/\/museemab.com\/en\/wp-json\/wp\/v2\/pages"}],"about":[{"href":"https:\/\/museemab.com\/en\/wp-json\/wp\/v2\/types\/page"}],"author":[{"embeddable":true,"href":"https:\/\/museemab.com\/en\/wp-json\/wp\/v2\/users\/1"}],"replies":[{"embeddable":true,"href":"https:\/\/museemab.com\/en\/wp-json\/wp\/v2\/comments?post=1547"}],"version-history":[{"count":5,"href":"https:\/\/museemab.com\/en\/wp-json\/wp\/v2\/pages\/1547\/revisions"}],"predecessor-version":[{"id":4475,"href":"https:\/\/museemab.com\/en\/wp-json\/wp\/v2\/pages\/1547\/revisions\/4475"}],"wp:attachment":[{"href":"https:\/\/museemab.com\/en\/wp-json\/wp\/v2\/media?parent=1547"}],"curies":[{"name":"wp","href":"https:\/\/api.w.org\/{rel}","templated":true}]}}