{"id":1565,"date":"2015-08-23T22:12:56","date_gmt":"2015-08-23T21:12:56","guid":{"rendered":"http:\/\/museemab.com\/en\/?page_id=1565"},"modified":"2021-05-18T08:38:14","modified_gmt":"2021-05-18T13:38:14","slug":"home","status":"publish","type":"page","link":"https:\/\/museemab.com\/en\/","title":{"rendered":"Home"},"content":{"rendered":"<div class=\"wpb-content-wrapper\"><p>[vc_row opacity_overlay=&#8221;10&#8243; margin_bottom=&#8221;60&#8243;][vc_column width=&#8221;1\/4&#8243; tablet_width=&#8221;1-2&#8243;]<div class=\"grve-element grve-icon-box grve-align-center grve-animated-item fadeIn\" style=\"\" data-delay=\"200\">  <div class=\"grve-icon fa fa-calendar\"><\/div>  <div class=\"grve-box-content\">    <a href=\"http:\/\/museemab.com\/en\/admission-and-schedule\/\" target=\"_self\">      <h5 class=\"grve-box-title\">Admission and Schedule <\/h5>    <\/a>    <p>The Mus\u00e9e Canadien de l\u2019Arme et du Bronze is now open to the public.<\/p>  <\/div><\/div>[\/vc_column][vc_column width=&#8221;1\/4&#8243; tablet_width=&#8221;1-2&#8243;]<div class=\"grve-element grve-icon-box grve-align-center grve-animated-item fadeIn\" style=\"\" data-delay=\"400\">  <div class=\"grve-icon fa fa-pencil-square-o\"><\/div>  <div class=\"grve-box-content\">    <a href=\"http:\/\/museemab.com\/en\/information-on-donations\/\" target=\"_self\">      <h5 class=\"grve-box-title\">Procedure for a donation<\/h5>    <\/a>    <p>To make a donation to the Mus\u00e9e Canadien de l\u2019Arme et du Bronze just fill out the donation form.<\/p>  <\/div><\/div>[\/vc_column][vc_column width=&#8221;1\/4&#8243; tablet_width=&#8221;1-2&#8243;]<div class=\"grve-element grve-icon-box grve-align-center grve-animated-item fadeIn\" style=\"\" data-delay=\"600\">  <div class=\"grve-icon fa fa-tag\"><\/div>  <div class=\"grve-box-content\">    <a href=\"http:\/\/museemab.com\/en\/become-an-identifier\/\" target=\"_self\">      <h5 class=\"grve-box-title\">Become an identifier<\/h5>    <\/a>    <p>Help us to identify the firearms submitted in this section.<\/p>  <\/div><\/div>[\/vc_column][vc_column width=&#8221;1\/4&#8243; tablet_width=&#8221;1-2&#8243;]<div class=\"grve-element grve-icon-box grve-align-center grve-animated-item fadeIn\" style=\"\" data-delay=\"800\">  <div class=\"grve-icon fa fa-users\"><\/div>  <div class=\"grve-box-content\">    <a href=\"http:\/\/museemab.com\/en\/directors\/\" target=\"_self\">      <h5 class=\"grve-box-title\">Directors<\/h5>    <\/a>    <p>Discover the Board of Directors of the Mus\u00e9e Canadien de l\u2019Arme et du Bronze.<\/p>  <\/div><\/div>[\/vc_column][\/vc_row][vc_row opacity_overlay=&#8221;10&#8243; margin_bottom=&#8221;0&#8243;][vc_column width=&#8221;1\/1&#8243;]  <hr class=\"grve-element grve-line-divider grve-fullwidth-element \" style=\"\">[\/vc_column][\/vc_row][vc_row fade_overlay=&#8221;yes&#8221; pattern_overlay=&#8221;yes&#8221; color_overlay=&#8221;white&#8221; opacity_overlay=&#8221;70&#8243; padding_top=&#8221;80&#8243; padding_bottom=&#8221;80&#8243; margin_bottom=&#8221;0&#8243;][vc_column width=&#8221;1\/1&#8243;]<div class=\"grve-element grve-video grve-fullwidth-element\" style=\"\"><iframe loading=\"lazy\" src=\"https:\/\/player.vimeo.com\/video\/156026796\" width=\"1080\" height=\"608\" frameborder=\"0\" title=\"MUS&Eacute;E CANADIEN DE L&#039;ARME ET DU BRONZE - Visite Virtuelle\" webkitallowfullscreen mozallowfullscreen allowfullscreen><\/iframe><\/div>[\/vc_column][\/vc_row][vc_row opacity_overlay=&#8221;10&#8243; margin_bottom=&#8221;0&#8243;][vc_column width=&#8221;1\/1&#8243;]  <hr class=\"grve-element grve-line-divider grve-fullwidth-element \" style=\"\">[\/vc_column][\/vc_row][vc_row fade_overlay=&#8221;yes&#8221; pattern_overlay=&#8221;yes&#8221; color_overlay=&#8221;white&#8221; opacity_overlay=&#8221;70&#8243; padding_top=&#8221;80&#8243; padding_bottom=&#8221;80&#8243; margin_bottom=&#8221;0&#8243;][vc_column width=&#8221;1\/1&#8243;]<div class=\"grve-element grve-slogan grve-align-center grve-animated-item fadeInUp\" style=\"\" data-delay=\"250\"><h2 class=\"grve-slogan-title grve-align-center grve-title-no-line\">PROPOSAL OF A DONATION<\/h2>  <p>There are several ways to contribute to the development of the Mus\u00e9e Canadien de l\u2019Arme et du Bronze. For all donations of money or property, a tax receipt will also be issued.<\/p><a class=\"grve-btn grve-btn-large grve-primary\" href=\"http:\/\/museemab.com\/en\/make-a-donation\/\"  target=\"_self\" style=\"\"><span>I want to make a donation<\/span><\/a><a class=\"grve-btn grve-btn-large grve-primary\" href=\"http:\/\/museemab.com\/en\/information-on-donations\/\"  target=\"_self\" style=\"\"><span>Information on donations<\/span><\/a><\/div>[\/vc_column][\/vc_row][vc_row opacity_overlay=&#8221;10&#8243; margin_bottom=&#8221;0&#8243;][vc_column width=&#8221;1\/1&#8243;]  <hr class=\"grve-element grve-line-divider grve-fullwidth-element \" style=\"margin-bottom: 0px;\">[\/vc_column][\/vc_row][vc_row font_color=&#8221;#ffffff&#8221; opacity_overlay=&#8221;10&#8243; bg_color=&#8221;#999999&#8243; margin_bottom=&#8221;0&#8243;][vc_column width=&#8221;1\/1&#8243;]<div class=\"grve-element grve-partner-advanced \" style=\"margin-bottom:0px;\">  <ul>    <li>      <div class=\"grve-partner-color\"><\/div><img decoding=\"async\" class=\"grve-partner-logo\" src=\"https:\/\/museemab.com\/wp-content\/uploads\/2015\/08\/firearms180x70.jpg\" alt=\"\">      <div class=\"grve-partner-content\">        <p>The collection of civilian and military firearms of the Museum occupies a prominent place.<\/p><a class=\"grve-btn grve-btn-large grve-primary\" href=\"http:\/\/museemab.com\/en\/the-firearms\/\"  target=\"_self\" style=\"\"><span>Learn more<\/span><\/a>      <\/div>    <\/li>  <\/ul><\/div><div class=\"grve-element grve-partner-advanced \" style=\"margin-bottom:0px;\">  <ul>    <li>      <div class=\"grve-partner-color\"><\/div><img decoding=\"async\" class=\"grve-partner-logo\" src=\"https:\/\/museemab.com\/wp-content\/uploads\/2015\/08\/bronze.png\" alt=\"\">      <div class=\"grve-partner-content\">        <p>Obtained by the alloy of copper and tin, bronze is the first metal that men learned to artistically shape in antiquity.<\/p><a class=\"grve-btn grve-btn-large grve-primary\" href=\"http:\/\/museemab.com\/en\/the-bronze\/\"  target=\"_self\" style=\"\"><span>Learn more<\/span><\/a>      <\/div>    <\/li>  <\/ul><\/div><div class=\"grve-element grve-partner-advanced \" style=\"margin-bottom:0px;\">  <ul>    <li>      <div class=\"grve-partner-color\"><\/div><img decoding=\"async\" class=\"grve-partner-logo\" src=\"https:\/\/museemab.com\/wp-content\/uploads\/2015\/08\/money-150x70.jpg\" alt=\"\">      <div class=\"grve-partner-content\">        <p>To illustrate the history and the cultural diversity of the Canada, the collection consisting of pieces mostly from the Canadian Mint, the Mus\u00e9e Canadien de l\u2019Arme et du Bronze is packed with true works of art.<\/p><a class=\"grve-btn grve-btn-large grve-primary\" href=\"http:\/\/museemab.com\/en\/the-coins\/\"  target=\"_self\" style=\"\"><span>Learn more<\/span><\/a>      <\/div>    <\/li>  <\/ul><\/div><div class=\"grve-element grve-partner-advanced \" style=\"margin-bottom:0px;\">  <ul>    <li>      <div class=\"grve-partner-color\"><\/div><img decoding=\"async\" class=\"grve-partner-logo\" src=\"https:\/\/museemab.com\/wp-content\/uploads\/2015\/08\/Stamps.png\" alt=\"\">      <div class=\"grve-partner-content\">        <p>The last major block of collections in the Mus\u00e9e Canadien de l\u2019Arme et du Bronze, the numismatic pieces are closely related to the collection of coins and by this, the illustration of Canadian history and its cultural diversity.<\/p><a class=\"grve-btn grve-btn-large grve-primary\" href=\"http:\/\/museemab.com\/les-timbres\/\"  target=\"_self\" style=\"\"><span>Learn more<\/span><\/a>      <\/div>    <\/li>  <\/ul><\/div>[\/vc_column][\/vc_row][vc_row opacity_overlay=&#8221;10&#8243; padding_top=&#8221;60&#8243; padding_bottom=&#8221;60&#8243; bg_color=&#8221;#ffffff&#8221; fade_overlay=&#8221;yes&#8221; pattern_overlay=&#8221;yes&#8221; margin_bottom=&#8221;0&#8243;][vc_column width=&#8221;1\/1&#8243;]<div class=\"grve-element grve-slogan grve-align-center grve-animated-item fadeInUp\" style=\"\" data-delay=\"200\"><h2 class=\"grve-slogan-title grve-align-center grve-title-line\">Affiliations<\/h2>  <p>The Mus\u00e9e Canadien de l\u2019Arme et du Bronze is a member of the Association of Canadian Museums, the Soci\u00e9t\u00e9 des Mus\u00e9es Qu\u00e9b\u00e9cois, the Organization of Military Museums of Canada, the Lower Canada Arms Collectors Association and the International Committee of Museums and Collections of Arms and Military History.<\/p><\/div>[\/vc_column][\/vc_row][vc_row opacity_overlay=&#8221;10&#8243; padding_top=&#8221;0&#8243; padding_bottom=&#8221;0&#8243; bg_color=&#8221;#ffffff&#8221; fade_overlay=&#8221;yes&#8221; pattern_overlay=&#8221;yes&#8221; margin_bottom=&#8221;0&#8243; footer_feature=&#8221;yes&#8221;][vc_column width=&#8221;1\/1&#8243;]<div class=\"grve-element grve-map grve-fullwidth-element\" data-marker=\"https:\/\/museemab.com\/wp-content\/uploads\/2014\/03\/logo_map.png\" data-lat=\"45.400155\" data-lng=\"-72.722267\" data-zoom=\"12\" style=\"margin-bottom: 0px;height: 280px;\"><\/div>[\/vc_column][\/vc_row]<\/p>\n<\/div>","protected":false},"excerpt":{"rendered":"<p>[vc_row opacity_overlay=&#8221;10&#8243; margin_bottom=&#8221;60&#8243;][vc_column width=&#8221;1\/4&#8243; tablet_width=&#8221;1-2&#8243;][\/vc_column][vc_column width=&#8221;1\/4&#8243; tablet_width=&#8221;1-2&#8243;][\/vc_column][vc_column width=&#8221;1\/4&#8243; tablet_width=&#8221;1-2&#8243;][\/vc_column][vc_column width=&#8221;1\/4&#8243; tablet_width=&#8221;1-2&#8243;][\/vc_column][\/vc_row][vc_row opacity_overlay=&#8221;10&#8243; margin_bottom=&#8221;0&#8243;][vc_column width=&#8221;1\/1&#8243;][\/vc_column][\/vc_row][vc_row fade_overlay=&#8221;yes&#8221; pattern_overlay=&#8221;yes&#8221; color_overlay=&#8221;white&#8221; opacity_overlay=&#8221;70&#8243; padding_top=&#8221;80&#8243; padding_bottom=&#8221;80&#8243; margin_bottom=&#8221;0&#8243;][vc_column width=&#8221;1\/1&#8243;][\/vc_column][\/vc_row][vc_row opacity_overlay=&#8221;10&#8243; margin_bottom=&#8221;0&#8243;][vc_column width=&#8221;1\/1&#8243;][\/vc_column][\/vc_row][vc_row fade_overlay=&#8221;yes&#8221; pattern_overlay=&#8221;yes&#8221; color_overlay=&#8221;white&#8221; opacity_overlay=&#8221;70&#8243; padding_top=&#8221;80&#8243; padding_bottom=&#8221;80&#8243; margin_bottom=&#8221;0&#8243;][vc_column width=&#8221;1\/1&#8243;][\/vc_column][\/vc_row][vc_row opacity_overlay=&#8221;10&#8243; margin_bottom=&#8221;0&#8243;][vc_column width=&#8221;1\/1&#8243;][\/vc_column][\/vc_row][vc_row font_color=&#8221;#ffffff&#8221; opacity_overlay=&#8221;10&#8243; bg_color=&#8221;#999999&#8243; margin_bottom=&#8221;0&#8243;][vc_column width=&#8221;1\/1&#8243;][\/vc_column][\/vc_row][vc_row opacity_overlay=&#8221;10&#8243; padding_top=&#8221;60&#8243; padding_bottom=&#8221;60&#8243; bg_color=&#8221;#ffffff&#8221; fade_overlay=&#8221;yes&#8221; pattern_overlay=&#8221;yes&#8221; margin_bottom=&#8221;0&#8243;][vc_column width=&#8221;1\/1&#8243;][\/vc_column][\/vc_row][vc_row opacity_overlay=&#8221;10&#8243; padding_top=&#8221;0&#8243; padding_bottom=&#8221;0&#8243; bg_color=&#8221;#ffffff&#8221; fade_overlay=&#8221;yes&#8221; pattern_overlay=&#8221;yes&#8221;<a class=\"grve-read-more\" href=\"https:\/\/museemab.com\/en\/\">read more<\/a><\/p>\n","protected":false},"author":1,"featured_media":0,"parent":0,"menu_order":0,"comment_status":"open","ping_status":"open","template":"","meta":{"om_disable_all_campaigns":false,"_uf_show_specific_survey":0,"_uf_disable_surveys":false,"footnotes":""},"class_list":["post-1565","page","type-page","status-publish","hentry"],"aioseo_notices":[],"_links":{"self":[{"href":"https:\/\/museemab.com\/en\/wp-json\/wp\/v2\/pages\/1565","targetHints":{"allow":["GET"]}}],"collection":[{"href":"https:\/\/museemab.com\/en\/wp-json\/wp\/v2\/pages"}],"about":[{"href":"https:\/\/museemab.com\/en\/wp-json\/wp\/v2\/types\/page"}],"author":[{"embeddable":true,"href":"https:\/\/museemab.com\/en\/wp-json\/wp\/v2\/users\/1"}],"replies":[{"embeddable":true,"href":"https:\/\/museemab.com\/en\/wp-json\/wp\/v2\/comments?post=1565"}],"version-history":[{"count":4,"href":"https:\/\/museemab.com\/en\/wp-json\/wp\/v2\/pages\/1565\/revisions"}],"predecessor-version":[{"id":2763,"href":"https:\/\/museemab.com\/en\/wp-json\/wp\/v2\/pages\/1565\/revisions\/2763"}],"wp:attachment":[{"href":"https:\/\/museemab.com\/en\/wp-json\/wp\/v2\/media?parent=1565"}],"curies":[{"name":"wp","href":"https:\/\/api.w.org\/{rel}","templated":true}]}}